{"id":35,"date":"2022-07-18T12:12:22","date_gmt":"2022-07-18T10:12:22","guid":{"rendered":"https:\/\/kingpong-vr.com\/?page_id=35"},"modified":"2022-07-21T16:58:43","modified_gmt":"2022-07-21T14:58:43","slug":"help","status":"publish","type":"page","link":"https:\/\/kingpong-vr.com\/fr\/help\/","title":{"rendered":"Aide"},"content":{"rendered":"<script>\n    uploadFileBulma();\n<\/script>\n<div class=\"faq_front\">\n    <div class=\"heading-article\">\n        <h1>Support<\/h1>\n    <\/div>\n    <div class=\"support-col\">\n        <div class=\"support-left\">\n            <div id=\"all_qa_display\">\n                <div class='category-faq'><h3 class='title is-3 bold'>G\u00e9n\u00e9ral<\/h3><div class='qa-box'><div class='qa_block'>\n\t\t\t\t\t<p id=\"1\" class='bold qa_question'>Quels casques VR sont compatibles avec le jeu ? <i id='icon-1' class='fa-solid fa-caret-down'><\/i><\/p>\n\t\t\t\t\t<div class='mask'>\n\t\t\t\t\t<div id='qa_answer_1' class='text reveal-to-bottom hidden'>Actuellement jouable sur :\nValve Index\nHTC Vive \/ HTC Vive Pro \/ HTC Vive Cosmos\nOculus Rift S \/ Oculus Quest 1 (link) \/ Oculus Quest 2 (link)\nWindows Mixed Reality<\/div><\/div>\n\t\t\t\t<\/div><div class='qa_block'>\n\t\t\t\t\t<p id=\"2\" class='bold qa_question'>Quelles sont les plateformes prises en charge ? <i id='icon-2' class='fa-solid fa-caret-down'><\/i><\/p>\n\t\t\t\t\t<div class='mask'>\n\t\t\t\t\t<div id='qa_answer_2' class='text reveal-to-bottom hidden'>King Pong est actuellement disponible uniquement sur <a href=\"https:\/\/store.steampowered.com\/app\/1501390\/KING_PONG\" target=\"_blank\" rel=\"noopener\">Steam<\/a>.<\/div><\/div>\n\t\t\t\t<\/div><div class='qa_block'>\n\t\t\t\t\t<p id=\"3\" class='bold qa_question'>De quel type de connexion Internet ai-je besoin ? <i id='icon-3' class='fa-solid fa-caret-down'><\/i><\/p>\n\t\t\t\t\t<div class='mask'>\n\t\t\t\t\t<div id='qa_answer_3' class='text reveal-to-bottom hidden'>King Pong n\u00e9cessite une bonne connexion Internet pour jouer en ligne en 1vs1.<\/div><\/div>\n\t\t\t\t<\/div><div class='qa_block'>\n\t\t\t\t\t<p id=\"4\" class='bold qa_question'>De quel espace ai-je besoin pour jouer ? <i id='icon-4' class='fa-solid fa-caret-down'><\/i><\/p>\n\t\t\t\t\t<div class='mask'>\n\t\t\t\t\t<div id='qa_answer_4' class='text reveal-to-bottom hidden'>King Pong a \u00e9t\u00e9 pens\u00e9 pour de petits espaces, seulement 3m2 vous sera suffisant. Il est donc \u00e9galement adapt\u00e9 aux plus petits espaces Oculus Quest \/ Rift.<\/div><\/div>\n\t\t\t\t<\/div><div class='qa_block'>\n\t\t\t\t\t<p id=\"5\" class='bold qa_question'>Quelles sont les configurations requises ? <i id='icon-5' class='fa-solid fa-caret-down'><\/i><\/p>\n\t\t\t\t\t<div class='mask'>\n\t\t\t\t\t<div id='qa_answer_5' class='text reveal-to-bottom hidden'>MINIMALE :\nSyst\u00e8me d'exploitation et processeur 64 bits n\u00e9cessaires\nSyst\u00e8me d'exploitation : Windows 10\nProcesseur : intel i5-4590\nM\u00e9moire vive : 8 GB de m\u00e9moire\nGraphiques : NVIDIA GeForce RTX\nDirectX : Version 11\nR\u00e9seau : connexion internet haut d\u00e9bit\nEspace disque : 2 GB d'espace disque disponible\n\nRECOMMAND\u00c9E :\nSyst\u00e8me d'exploitation et processeur 64 bits n\u00e9cessaires\nSyst\u00e8me d'exploitation : Windows 10\nProcesseur : intel i5-4590\nM\u00e9moire vive : 8 GB de m\u00e9moire\nGraphiques : NVIDIA GeForce RTX\nDirectX : Version 11\nR\u00e9seau : connexion internet haut d\u00e9bit\nEspace disque : 2 GB d'espace disque disponible<\/div><\/div>\n\t\t\t\t<\/div><\/div><\/div><div class='category-faq'><h3 class='title is-3 bold'>LBE<\/h3><div class='qa-box'><div class='qa_block'>\n\t\t\t\t\t<p id=\"6\" class='bold qa_question'>Comment puis-je ajouter KING PONG dans le catalogue de ma salle VR ? <i id='icon-6' class='fa-solid fa-caret-down'><\/i><\/p>\n\t\t\t\t\t<div class='mask'>\n\t\t\t\t\t<div id='qa_answer_6' class='text reveal-to-bottom hidden'><span class=\"css-901oao css-16my406 r-poiln3 r-bcqeeo r-qvutc0\">King Pong est disponible sur la boutique\u00a0<\/span><span class=\"r-18u37iz\">Steam<\/span><span class=\"css-901oao css-16my406 r-poiln3 r-bcqeeo r-qvutc0\">\u00a0pour une licence commerciale<\/span><span class=\"r-18u37iz\">!<\/span><span class=\"css-901oao css-16my406 r-poiln3 r-bcqeeo r-qvutc0\">!<\/span>\n\nSi vous avez besoin d'aide pour la configuration du mod\u00e8le d'arcade, suivez les instructions ici :\u00a0<a href=\"https:\/\/partner.steamgames.com\/doc\/sitelicense\/licensees\/gettingstarted\/licensemodelvr\" target=\"_blank\" rel=\"noopener\">partner.steamgames.com\/doc\/sitelicense\/licensees\/gettingstarted\/licensemodelvr<\/a><\/div><\/div>\n\t\t\t\t<\/div><\/div><\/div>            <\/div>\n\n        <\/div> <!-- support-left -->\n\n        <div class=\"support-right\">\n\n            <div class=\"form-help\">\n                <h2 class=\"bold\">Vous avez encore besoin de nous ?<\/h2>\n                <p class=\"desc-form\">D\u00e9crivez votre demande via Discord ou envoyez-nous un email.<\/p>\n\n                <div class=\"form-help-links\">\n                    <a class='form-help-link link-form' href=\"https:\/\/discord.gg\/iconik\" target=\"_blank\">\n                        <i class=\"fa-brands fa-discord fa-2xl\"><\/i>\n                        discord.gg\/iconik\n                    <\/a>\n\n                    <a id=\"contact_form_modal\" class=\"js-modal-trigger form-help-link link-form\" data-target=\"modal-contact\">\n                        <i class=\"fa-solid fa-envelope fa-2xl\"><\/i>\n                        Contactez-nous\n                    <\/a>\n\n                <\/div>\n            <\/div>\n\n        <\/div> <!-- support right -->\n    <\/div> <!-- support-col -->\n\n<\/div><!-- faq-front -->\n\n<div id=\"modal-contact\" class=\"modal\">\n    <div class=\"modal-background\"><\/div>\n    <div class=\"modal-card\">\n        <form id=\"contact_form\" action=\"\">\n            <header class=\"modal-card-head\">\n                <p class=\"modal-card-title\">Contactez-nous<\/p>\n                <button class=\"button is-close delete\" type=\"button\"><\/button>\n            <\/header>\n\n            <section class=\"modal-card-body\">\n                <input type=\"hidden\" id=\"g-recaptcha-response\" name=\"g-recaptcha-response\">\n                <input type=\"hidden\" id=\"action\" name=\"action\" value=\"validate_captcha\">\n\n                <div class=\"field is-horizontal\">\n                    <div class=\"field-label title is-4\">\n                        <label class=\"label\" for=\"contact_obj\">Objet :<\/label>\n                    <\/div>\n                    <div class=\"field-body\">\n                        <div class=\"field\">\n                            <p class=\"control\">\n                                <input id=\"contact_obj\" name=\"contact_obj\" class=\"input\" type=\"text\" placeholder=\"Objet de la demande de contact\">\n                            <\/p>\n                        <\/div>\n                    <\/div>\n                <\/div>\n\n                <div class=\"field\">\n                    <div id=\"file-upload-js\" class=\"file has-name\">\n                        <label class=\"file-label\">\n                            <input class=\"file-input\" type=\"file\" name=\"contact_file\" id=\"contact_file\" accept=\"image\/*\" multiple=\"multiple\">\n                            <span class=\"file-cta\">\n                                <span class=\"file-icon\">\n                                    <i class=\"fas fa-upload\"><\/i>\n                                <\/span>\n                                <span class=\"file-label\">\n                                    Attachez une ou plusieurs images...\n                                <\/span>\n                            <\/span>\n                            <span class=\"file-name\">\n                                Aucun fichier envoy\u00e9\n                            <\/span>\n                        <\/label>\n                    <\/div>\n                <\/div>\n\n                <div class=\"field\">\n                    <div class=\"field-label\">\n                        <label class=\"label\" for=\"contact_content\">Message<\/label>\n                    <\/div>\n                    <div class=\"field-body\">\n                        <div class=\"field\">\n                            <div class=\"control\">\n                                <textarea id=\"contact_content\" name=\"contact_content\" class=\"textarea\" placeholder=\"Formulez votre demande ici.\"><\/textarea>\n                            <\/div>\n                        <\/div>\n                    <\/div>\n                <\/div>\n            <\/section>\n            <footer class=\"modal-card-foot\">\n                <button id=\"form-contact\" class=\"button is-info\" type=\"submit\">Envoyer<\/button>\n                <button class=\"button is-close\" type=\"button\">Annuler<\/button>\n            <\/footer>\n        <input type=\"hidden\" name=\"trp-form-language\" value=\"fr\"\/><\/form>\n    <\/div>\n<\/div>","protected":false},"excerpt":{"rendered":"","protected":false},"author":1,"featured_media":0,"parent":0,"menu_order":0,"comment_status":"closed","ping_status":"closed","template":"support.php","meta":{"footnotes":""},"class_list":["post-35","page","type-page","status-publish","hentry"],"yoast_head":"<!-- This site is optimized with the Yoast SEO plugin v26.6 - https:\/\/yoast.com\/wordpress\/plugins\/seo\/ -->\n<title>Help - KING PONG<\/title>\n<meta name=\"robots\" content=\"index, follow, max-snippet:-1, max-image-preview:large, max-video-preview:-1\" \/>\n<link rel=\"canonical\" href=\"https:\/\/kingpong-vr.com\/fr\/help\/\" \/>\n<meta property=\"og:locale\" content=\"fr_FR\" \/>\n<meta property=\"og:type\" content=\"article\" \/>\n<meta property=\"og:title\" content=\"Help - KING PONG\" \/>\n<meta property=\"og:url\" content=\"https:\/\/kingpong-vr.com\/fr\/help\/\" \/>\n<meta property=\"og:site_name\" content=\"KING PONG\" \/>\n<meta property=\"article:modified_time\" content=\"2022-07-21T14:58:43+00:00\" \/>\n<meta property=\"og:image\" content=\"https:\/\/kingpong-vr.com\/wp-content\/uploads\/2022\/07\/LANDSCAPE-2560X1440.png\" \/>\n\t<meta property=\"og:image:width\" content=\"1920\" \/>\n\t<meta property=\"og:image:height\" content=\"1080\" \/>\n\t<meta property=\"og:image:type\" content=\"image\/png\" \/>\n<meta name=\"twitter:card\" content=\"summary_large_image\" \/>\n<meta name=\"twitter:label1\" content=\"Dur\u00e9e de lecture estim\u00e9e\" \/>\n\t<meta name=\"twitter:data1\" content=\"1 minute\" \/>\n<script type=\"application\/ld+json\" class=\"yoast-schema-graph\">{\"@context\":\"https:\/\/schema.org\",\"@graph\":[{\"@type\":\"WebPage\",\"@id\":\"https:\/\/kingpong-vr.com\/help\/\",\"url\":\"https:\/\/kingpong-vr.com\/help\/\",\"name\":\"Help - KING PONG\",\"isPartOf\":{\"@id\":\"https:\/\/kingpong-vr.com\/#website\"},\"datePublished\":\"2022-07-18T10:12:22+00:00\",\"dateModified\":\"2022-07-21T14:58:43+00:00\",\"breadcrumb\":{\"@id\":\"https:\/\/kingpong-vr.com\/help\/#breadcrumb\"},\"inLanguage\":\"fr-FR\",\"potentialAction\":[{\"@type\":\"ReadAction\",\"target\":[\"https:\/\/kingpong-vr.com\/help\/\"]}]},{\"@type\":\"BreadcrumbList\",\"@id\":\"https:\/\/kingpong-vr.com\/help\/#breadcrumb\",\"itemListElement\":[{\"@type\":\"ListItem\",\"position\":1,\"name\":\"Accueil\",\"item\":\"https:\/\/kingpong-vr.com\/\"},{\"@type\":\"ListItem\",\"position\":2,\"name\":\"Help\"}]},{\"@type\":\"WebSite\",\"@id\":\"https:\/\/kingpong-vr.com\/#website\",\"url\":\"https:\/\/kingpong-vr.com\/\",\"name\":\"KING PONG\",\"description\":\"Become the KING\",\"publisher\":{\"@id\":\"https:\/\/kingpong-vr.com\/#organization\"},\"potentialAction\":[{\"@type\":\"SearchAction\",\"target\":{\"@type\":\"EntryPoint\",\"urlTemplate\":\"https:\/\/kingpong-vr.com\/?s={search_term_string}\"},\"query-input\":{\"@type\":\"PropertyValueSpecification\",\"valueRequired\":true,\"valueName\":\"search_term_string\"}}],\"inLanguage\":\"fr-FR\"},{\"@type\":\"Organization\",\"@id\":\"https:\/\/kingpong-vr.com\/#organization\",\"name\":\"KING PONG\",\"url\":\"https:\/\/kingpong-vr.com\/\",\"logo\":{\"@type\":\"ImageObject\",\"inLanguage\":\"fr-FR\",\"@id\":\"https:\/\/kingpong-vr.com\/#\/schema\/logo\/image\/\",\"url\":\"https:\/\/kingpong-vr.com\/wp-content\/uploads\/2022\/07\/LANDSCAPE-2560X1440.png\",\"contentUrl\":\"https:\/\/kingpong-vr.com\/wp-content\/uploads\/2022\/07\/LANDSCAPE-2560X1440.png\",\"width\":1920,\"height\":1080,\"caption\":\"KING PONG\"},\"image\":{\"@id\":\"https:\/\/kingpong-vr.com\/#\/schema\/logo\/image\/\"}}]}<\/script>\n<!-- \/ Yoast SEO plugin. -->","yoast_head_json":{"title":"Help - KING PONG","robots":{"index":"index","follow":"follow","max-snippet":"max-snippet:-1","max-image-preview":"max-image-preview:large","max-video-preview":"max-video-preview:-1"},"canonical":"https:\/\/kingpong-vr.com\/fr\/help\/","og_locale":"fr_FR","og_type":"article","og_title":"Help - KING PONG","og_url":"https:\/\/kingpong-vr.com\/fr\/help\/","og_site_name":"KING PONG","article_modified_time":"2022-07-21T14:58:43+00:00","og_image":[{"width":1920,"height":1080,"url":"https:\/\/kingpong-vr.com\/wp-content\/uploads\/2022\/07\/LANDSCAPE-2560X1440.png","type":"image\/png"}],"twitter_card":"summary_large_image","twitter_misc":{"Dur\u00e9e de lecture estim\u00e9e":"1 minute"},"schema":{"@context":"https:\/\/schema.org","@graph":[{"@type":"WebPage","@id":"https:\/\/kingpong-vr.com\/help\/","url":"https:\/\/kingpong-vr.com\/help\/","name":"Help - KING PONG","isPartOf":{"@id":"https:\/\/kingpong-vr.com\/#website"},"datePublished":"2022-07-18T10:12:22+00:00","dateModified":"2022-07-21T14:58:43+00:00","breadcrumb":{"@id":"https:\/\/kingpong-vr.com\/help\/#breadcrumb"},"inLanguage":"fr-FR","potentialAction":[{"@type":"ReadAction","target":["https:\/\/kingpong-vr.com\/help\/"]}]},{"@type":"BreadcrumbList","@id":"https:\/\/kingpong-vr.com\/help\/#breadcrumb","itemListElement":[{"@type":"ListItem","position":1,"name":"Accueil","item":"https:\/\/kingpong-vr.com\/"},{"@type":"ListItem","position":2,"name":"Help"}]},{"@type":"WebSite","@id":"https:\/\/kingpong-vr.com\/#website","url":"https:\/\/kingpong-vr.com\/","name":"KING PONG","description":"Become the KING","publisher":{"@id":"https:\/\/kingpong-vr.com\/#organization"},"potentialAction":[{"@type":"SearchAction","target":{"@type":"EntryPoint","urlTemplate":"https:\/\/kingpong-vr.com\/?s={search_term_string}"},"query-input":{"@type":"PropertyValueSpecification","valueRequired":true,"valueName":"search_term_string"}}],"inLanguage":"fr-FR"},{"@type":"Organization","@id":"https:\/\/kingpong-vr.com\/#organization","name":"KING PONG","url":"https:\/\/kingpong-vr.com\/","logo":{"@type":"ImageObject","inLanguage":"fr-FR","@id":"https:\/\/kingpong-vr.com\/#\/schema\/logo\/image\/","url":"https:\/\/kingpong-vr.com\/wp-content\/uploads\/2022\/07\/LANDSCAPE-2560X1440.png","contentUrl":"https:\/\/kingpong-vr.com\/wp-content\/uploads\/2022\/07\/LANDSCAPE-2560X1440.png","width":1920,"height":1080,"caption":"KING PONG"},"image":{"@id":"https:\/\/kingpong-vr.com\/#\/schema\/logo\/image\/"}}]}},"_links":{"self":[{"href":"https:\/\/kingpong-vr.com\/fr\/wp-json\/wp\/v2\/pages\/35","targetHints":{"allow":["GET"]}}],"collection":[{"href":"https:\/\/kingpong-vr.com\/fr\/wp-json\/wp\/v2\/pages"}],"about":[{"href":"https:\/\/kingpong-vr.com\/fr\/wp-json\/wp\/v2\/types\/page"}],"author":[{"embeddable":true,"href":"https:\/\/kingpong-vr.com\/fr\/wp-json\/wp\/v2\/users\/1"}],"replies":[{"embeddable":true,"href":"https:\/\/kingpong-vr.com\/fr\/wp-json\/wp\/v2\/comments?post=35"}],"version-history":[{"count":3,"href":"https:\/\/kingpong-vr.com\/fr\/wp-json\/wp\/v2\/pages\/35\/revisions"}],"predecessor-version":[{"id":219,"href":"https:\/\/kingpong-vr.com\/fr\/wp-json\/wp\/v2\/pages\/35\/revisions\/219"}],"wp:attachment":[{"href":"https:\/\/kingpong-vr.com\/fr\/wp-json\/wp\/v2\/media?parent=35"}],"curies":[{"name":"wp","href":"https:\/\/api.w.org\/{rel}","templated":true}]}}