{"id":3,"date":"2022-06-17T12:25:28","date_gmt":"2022-06-17T10:25:28","guid":{"rendered":"http:\/\/kingpong-vr.com\/?page_id=3"},"modified":"2022-07-22T09:42:30","modified_gmt":"2022-07-22T07:42:30","slug":"privacy-policy","status":"publish","type":"page","link":"https:\/\/kingpong-vr.com\/fr\/privacy-policy\/","title":{"rendered":"Politique de confidentialit\u00e9"},"content":{"rendered":"<h1 class=\"wp-block-heading\">Politique de confidentialit\u00e9<\/h1>\n\n\n\n<p><strong>Introduction<\/strong><\/p>\n\n\n\n<p>Dans le cadre de son activit\u00e9, la soci\u00e9t\u00e9 Iconik, dont le si\u00e8ge social est situ\u00e9 au 170 IMPASSE DU SERPOLET 13600 LA CIOTAT, est amen\u00e9e \u00e0 collecter et \u00e0 traiter des informations dont certaines sont qualifi\u00e9es de \"donn\u00e9es personnelles\". Iconik attache une grande importance au respect de la vie priv\u00e9e, et n\u2019utilise que des donn\u00e9es de mani\u00e8re responsable et confidentielle et dans une finalit\u00e9 pr\u00e9cise.<\/p>\n\n\n\n<p><strong>Donn\u00e9es personnelles<\/strong><\/p>\n\n\n\n<p>Sur le site web www.kingpong-vr.com, il y a 2 types de donn\u00e9es susceptibles d\u2019\u00eatre recueillies :<\/p>\n\n\n\n<p>Les donn\u00e9es transmises directement<br>Ces donn\u00e9es sont celles que vous nous transmettez directement, via un formulaire de contact ou bien par contact direct par email. Sont obligatoires dans le formulaire de contact le champs \u00ab pr\u00e9nom et nom \u00bb et \u00ab email \u00bb.<\/p>\n\n\n\n<p>Les donn\u00e9es collect\u00e9es automatiquement<br>Lors de vos visites, une fois votre consentement donn\u00e9, nous pouvons recueillir des informations de type \u00ab web analytics \u00bb relatives \u00e0 votre navigation, la dur\u00e9e de votre consultation, votre adresse IP, votre type et version de navigateur. La technologie utilis\u00e9e est le cookie.<\/p>\n\n\n\n<p><strong>Utilisation des donn\u00e9es<\/strong><\/p>\n\n\n\n<p>Les donn\u00e9es que vous nous transmettez directement sont utilis\u00e9es dans le but de vous re-contacter et\/ou dans le cadre de la demande que vous nous faites. Les donn\u00e9es \u00ab web analytics \u00bb sont collect\u00e9es de fa\u00e7on anonyme (en enregistrant des adresses IP anonymes) par Google Analytics, et nous permettent de mesurer l'audience de notre site web, les consultations et les \u00e9ventuelles erreurs afin d\u2019am\u00e9liorer constamment l\u2019exp\u00e9rience des utilisateurs. Ces donn\u00e9es sont utilis\u00e9es par Iconik, responsable du traitement des donn\u00e9es, et ne seront jamais c\u00e9d\u00e9es \u00e0 un tiers ni utilis\u00e9es \u00e0 d\u2019autres fins que celles d\u00e9taill\u00e9es ci-dessus.<\/p>\n\n\n\n<p><strong>Base l\u00e9gale<\/strong><\/p>\n\n\n\n<p>Les donn\u00e9es personnelles ne sont collect\u00e9es qu\u2019apr\u00e8s consentement obligatoire de l\u2019utilisateur. Ce consentement est valablement recueilli (boutons et cases \u00e0 cocher), libre, clair et sans \u00e9quivoque.<\/p>\n\n\n\n<p><strong>Dur\u00e9e de conservation<\/strong><\/p>\n\n\n\n<p>Les donn\u00e9es seront sauvegard\u00e9es durant une dur\u00e9e maximale de 3 ans.<\/p>\n\n\n\n<p><strong>Cookies<\/strong><\/p>\n\n\n\n<p>Voici la liste des cookies utilis\u00e9es et leur objectif :<\/p>\n\n\n\n<ul class=\"wp-block-list\"><li>Cookies Google Analytics (<a href=\"https:\/\/developers.google.com\/analytics\/devguides\/collection\/analyticsjs\/cookie-usage\" target=\"_blank\" rel=\"noreferrer noopener nofollow\">liste exhaustive<\/a>) : Web analytics<\/li><li>Cookie Notice : Permet de garder en m\u00e9moire le fait que vous acceptez les cookies afin de ne plus vous importuner lors de votre prochaine visite.<\/li><\/ul>\n\n\n\n<p><strong>Vos droits concernant les donn\u00e9es personnelles<\/strong><\/p>\n\n\n\n<p>Vous avez le droit de consultation, demande de modification ou d\u2019effacement sur l\u2019ensemble de vos donn\u00e9es personnelles. Vous pouvez \u00e9galement retirer votre consentement au traitement de vos donn\u00e9es.<\/p>\n\n\n\n<p><strong>Contact d\u00e9l\u00e9gu\u00e9 \u00e0 la protection des donn\u00e9es<\/strong><\/p>\n\n\n\n<p>Nicolas Romain \u2013\u00a0<a href=\"mailto:RGPD@iconik.com\" target=\"_blank\" rel=\"noreferrer noopener nofollow\">RGPD@iconik.com<\/a><\/p>\n\n\n\n<p>Mise \u00e0 jour le : 17\/06\/2022<\/p>","protected":false},"excerpt":{"rendered":"<p>Privacy policy Introduction Within the framework of its activity, Iconik, whose registered office is located at 170 IMPASSE DU SERPOLET 13600 LA CIOTAT, is required to collect and process information, some of which is qualified as &#8220;personal data&#8221;. Iconik attaches great importance to the respect of privacy, and only uses data in a responsible and [&hellip;]<\/p>","protected":false},"author":1,"featured_media":0,"parent":0,"menu_order":0,"comment_status":"closed","ping_status":"closed","template":"","meta":{"footnotes":""},"class_list":["post-3","page","type-page","status-publish","hentry"],"yoast_head":"<!-- This site is optimized with the Yoast SEO plugin v26.6 - https:\/\/yoast.com\/wordpress\/plugins\/seo\/ -->\n<title>Privacy Policy - KING PONG<\/title>\n<meta name=\"robots\" content=\"index, follow, max-snippet:-1, max-image-preview:large, max-video-preview:-1\" \/>\n<link rel=\"canonical\" href=\"https:\/\/kingpong-vr.com\/fr\/privacy-policy\/\" \/>\n<meta property=\"og:locale\" content=\"fr_FR\" \/>\n<meta property=\"og:type\" content=\"article\" \/>\n<meta property=\"og:title\" content=\"Privacy Policy - KING PONG\" \/>\n<meta property=\"og:description\" content=\"Privacy policy Introduction Within the framework of its activity, Iconik, whose registered office is located at 170 IMPASSE DU SERPOLET 13600 LA CIOTAT, is required to collect and process information, some of which is qualified as &#8220;personal data&#8221;. Iconik attaches great importance to the respect of privacy, and only uses data in a responsible and [&hellip;]\" \/>\n<meta property=\"og:url\" content=\"https:\/\/kingpong-vr.com\/fr\/privacy-policy\/\" \/>\n<meta property=\"og:site_name\" content=\"KING PONG\" \/>\n<meta property=\"article:modified_time\" content=\"2022-07-22T07:42:30+00:00\" \/>\n<meta property=\"og:image\" content=\"https:\/\/kingpong-vr.com\/wp-content\/uploads\/2022\/07\/LANDSCAPE-2560X1440.png\" \/>\n\t<meta property=\"og:image:width\" content=\"1920\" \/>\n\t<meta property=\"og:image:height\" content=\"1080\" \/>\n\t<meta property=\"og:image:type\" content=\"image\/png\" \/>\n<meta name=\"twitter:card\" content=\"summary_large_image\" \/>\n<meta name=\"twitter:label1\" content=\"Dur\u00e9e de lecture estim\u00e9e\" \/>\n\t<meta name=\"twitter:data1\" content=\"2 minutes\" \/>\n<script type=\"application\/ld+json\" class=\"yoast-schema-graph\">{\"@context\":\"https:\/\/schema.org\",\"@graph\":[{\"@type\":\"WebPage\",\"@id\":\"https:\/\/kingpong-vr.com\/privacy-policy\/\",\"url\":\"https:\/\/kingpong-vr.com\/privacy-policy\/\",\"name\":\"Privacy Policy - KING PONG\",\"isPartOf\":{\"@id\":\"https:\/\/kingpong-vr.com\/#website\"},\"datePublished\":\"2022-06-17T10:25:28+00:00\",\"dateModified\":\"2022-07-22T07:42:30+00:00\",\"breadcrumb\":{\"@id\":\"https:\/\/kingpong-vr.com\/privacy-policy\/#breadcrumb\"},\"inLanguage\":\"fr-FR\",\"potentialAction\":[{\"@type\":\"ReadAction\",\"target\":[\"https:\/\/kingpong-vr.com\/privacy-policy\/\"]}]},{\"@type\":\"BreadcrumbList\",\"@id\":\"https:\/\/kingpong-vr.com\/privacy-policy\/#breadcrumb\",\"itemListElement\":[{\"@type\":\"ListItem\",\"position\":1,\"name\":\"Accueil\",\"item\":\"https:\/\/kingpong-vr.com\/\"},{\"@type\":\"ListItem\",\"position\":2,\"name\":\"Privacy Policy\"}]},{\"@type\":\"WebSite\",\"@id\":\"https:\/\/kingpong-vr.com\/#website\",\"url\":\"https:\/\/kingpong-vr.com\/\",\"name\":\"KING PONG\",\"description\":\"Become the KING\",\"publisher\":{\"@id\":\"https:\/\/kingpong-vr.com\/#organization\"},\"potentialAction\":[{\"@type\":\"SearchAction\",\"target\":{\"@type\":\"EntryPoint\",\"urlTemplate\":\"https:\/\/kingpong-vr.com\/?s={search_term_string}\"},\"query-input\":{\"@type\":\"PropertyValueSpecification\",\"valueRequired\":true,\"valueName\":\"search_term_string\"}}],\"inLanguage\":\"fr-FR\"},{\"@type\":\"Organization\",\"@id\":\"https:\/\/kingpong-vr.com\/#organization\",\"name\":\"KING PONG\",\"url\":\"https:\/\/kingpong-vr.com\/\",\"logo\":{\"@type\":\"ImageObject\",\"inLanguage\":\"fr-FR\",\"@id\":\"https:\/\/kingpong-vr.com\/#\/schema\/logo\/image\/\",\"url\":\"https:\/\/kingpong-vr.com\/wp-content\/uploads\/2022\/07\/LANDSCAPE-2560X1440.png\",\"contentUrl\":\"https:\/\/kingpong-vr.com\/wp-content\/uploads\/2022\/07\/LANDSCAPE-2560X1440.png\",\"width\":1920,\"height\":1080,\"caption\":\"KING PONG\"},\"image\":{\"@id\":\"https:\/\/kingpong-vr.com\/#\/schema\/logo\/image\/\"}}]}<\/script>\n<!-- \/ Yoast SEO plugin. -->","yoast_head_json":{"title":"Privacy Policy - KING PONG","robots":{"index":"index","follow":"follow","max-snippet":"max-snippet:-1","max-image-preview":"max-image-preview:large","max-video-preview":"max-video-preview:-1"},"canonical":"https:\/\/kingpong-vr.com\/fr\/privacy-policy\/","og_locale":"fr_FR","og_type":"article","og_title":"Privacy Policy - KING PONG","og_description":"Privacy policy Introduction Within the framework of its activity, Iconik, whose registered office is located at 170 IMPASSE DU SERPOLET 13600 LA CIOTAT, is required to collect and process information, some of which is qualified as &#8220;personal data&#8221;. Iconik attaches great importance to the respect of privacy, and only uses data in a responsible and [&hellip;]","og_url":"https:\/\/kingpong-vr.com\/fr\/privacy-policy\/","og_site_name":"KING PONG","article_modified_time":"2022-07-22T07:42:30+00:00","og_image":[{"width":1920,"height":1080,"url":"https:\/\/kingpong-vr.com\/wp-content\/uploads\/2022\/07\/LANDSCAPE-2560X1440.png","type":"image\/png"}],"twitter_card":"summary_large_image","twitter_misc":{"Dur\u00e9e de lecture estim\u00e9e":"2 minutes"},"schema":{"@context":"https:\/\/schema.org","@graph":[{"@type":"WebPage","@id":"https:\/\/kingpong-vr.com\/privacy-policy\/","url":"https:\/\/kingpong-vr.com\/privacy-policy\/","name":"Privacy Policy - KING PONG","isPartOf":{"@id":"https:\/\/kingpong-vr.com\/#website"},"datePublished":"2022-06-17T10:25:28+00:00","dateModified":"2022-07-22T07:42:30+00:00","breadcrumb":{"@id":"https:\/\/kingpong-vr.com\/privacy-policy\/#breadcrumb"},"inLanguage":"fr-FR","potentialAction":[{"@type":"ReadAction","target":["https:\/\/kingpong-vr.com\/privacy-policy\/"]}]},{"@type":"BreadcrumbList","@id":"https:\/\/kingpong-vr.com\/privacy-policy\/#breadcrumb","itemListElement":[{"@type":"ListItem","position":1,"name":"Accueil","item":"https:\/\/kingpong-vr.com\/"},{"@type":"ListItem","position":2,"name":"Privacy Policy"}]},{"@type":"WebSite","@id":"https:\/\/kingpong-vr.com\/#website","url":"https:\/\/kingpong-vr.com\/","name":"KING PONG","description":"Become the KING","publisher":{"@id":"https:\/\/kingpong-vr.com\/#organization"},"potentialAction":[{"@type":"SearchAction","target":{"@type":"EntryPoint","urlTemplate":"https:\/\/kingpong-vr.com\/?s={search_term_string}"},"query-input":{"@type":"PropertyValueSpecification","valueRequired":true,"valueName":"search_term_string"}}],"inLanguage":"fr-FR"},{"@type":"Organization","@id":"https:\/\/kingpong-vr.com\/#organization","name":"KING PONG","url":"https:\/\/kingpong-vr.com\/","logo":{"@type":"ImageObject","inLanguage":"fr-FR","@id":"https:\/\/kingpong-vr.com\/#\/schema\/logo\/image\/","url":"https:\/\/kingpong-vr.com\/wp-content\/uploads\/2022\/07\/LANDSCAPE-2560X1440.png","contentUrl":"https:\/\/kingpong-vr.com\/wp-content\/uploads\/2022\/07\/LANDSCAPE-2560X1440.png","width":1920,"height":1080,"caption":"KING PONG"},"image":{"@id":"https:\/\/kingpong-vr.com\/#\/schema\/logo\/image\/"}}]}},"_links":{"self":[{"href":"https:\/\/kingpong-vr.com\/fr\/wp-json\/wp\/v2\/pages\/3","targetHints":{"allow":["GET"]}}],"collection":[{"href":"https:\/\/kingpong-vr.com\/fr\/wp-json\/wp\/v2\/pages"}],"about":[{"href":"https:\/\/kingpong-vr.com\/fr\/wp-json\/wp\/v2\/types\/page"}],"author":[{"embeddable":true,"href":"https:\/\/kingpong-vr.com\/fr\/wp-json\/wp\/v2\/users\/1"}],"replies":[{"embeddable":true,"href":"https:\/\/kingpong-vr.com\/fr\/wp-json\/wp\/v2\/comments?post=3"}],"version-history":[{"count":6,"href":"https:\/\/kingpong-vr.com\/fr\/wp-json\/wp\/v2\/pages\/3\/revisions"}],"predecessor-version":[{"id":237,"href":"https:\/\/kingpong-vr.com\/fr\/wp-json\/wp\/v2\/pages\/3\/revisions\/237"}],"wp:attachment":[{"href":"https:\/\/kingpong-vr.com\/fr\/wp-json\/wp\/v2\/media?parent=3"}],"curies":[{"name":"wp","href":"https:\/\/api.w.org\/{rel}","templated":true}]}}