{"id":10,"date":"2022-06-17T14:12:23","date_gmt":"2022-06-17T12:12:23","guid":{"rendered":"https:\/\/kingpong-vr.com\/?page_id=10"},"modified":"2022-07-21T17:06:00","modified_gmt":"2022-07-21T15:06:00","slug":"cookie-policy","status":"publish","type":"page","link":"https:\/\/kingpong-vr.com\/fr\/cookie-policy\/","title":{"rendered":"Politique de cookies"},"content":{"rendered":"<h1 class=\"wp-block-heading\">Politique de cookies<\/h1>\n\n\n\n<p><strong>Politique des cookies sur kingpong-vr.com.com<\/strong><\/p>\n\n\n\n<p>Lorsque vous naviguez sur le site www.kingpong-vr.com, des cookies sont d\u00e9pos\u00e9s sur votre appareil.<\/p>\n\n\n\n<p><strong>Qu'est-ce qu'un cookie ?<\/strong><\/p>\n\n\n\n<p>Les Cookies d\u00e9signent des petits fichiers textes ou des traceurs qui sont susceptibles d'\u00eatre d\u00e9pos\u00e9s, lus et stock\u00e9s lorsque vous visitez notre site, sur votre appareil fixe ou mobile (ordinateur, tablette, smartphone). Il poss\u00e8de un identifiant unique attribu\u00e9 \u00e0 votre appareil et permet au Site de se souvenir de vos actions et de vos pr\u00e9f\u00e9rences (telles que la localisation, la langue que vous utilisez, la taille de police que vous pr\u00e9f\u00e9rez et d'autres pr\u00e9f\u00e9rences d'affichage) pendant une p\u00e9riode l\u00e9gale d\u00e9termin\u00e9e. Ainsi, vous n'avez pas besoin de fournir certaines informations \u00e0 chaque fois que vous acc\u00e9dez au Site ou lorsque vous naviguez de page en page. Les cookies peuvent \u00e9galement nous aider \u00e0 personnaliser votre exp\u00e9rience de navigation. Ces cookies nous permettent de mieux vous conna\u00eetre, de personnaliser votre exp\u00e9rience utilisateur, de vous proposer des offres et des produits conformes \u00e0 vos centres d'int\u00e9r\u00eat et de vous faciliter la navigation dans le site.<\/p>\n\n\n\n<p><strong>Les diff\u00e9rents types de cookies<\/strong><\/p>\n\n\n\n<p>Il existe deux grandes cat\u00e9gories de cookies : les cookies de session et les cookies persistants<\/p>\n\n\n\n<p>Les cookies de session permettent au Site de suivre votre navigation d'une page \u00e0 une autre afin que l'on ne vous demande pas les m\u00eames informations pr\u00e9c\u00e9demment communiqu\u00e9es au Site. Les cookies vous permettent de parcourir de nombreuses pages du Site rapidement et simplement sans avoir \u00e0 vous identifier \u00e0 chaque nouvelle page du Site que vous visitez. Ces cookies restent sur votre appareil jusqu'\u00e0 ce que vous fermiez votre navigateur, ce qui entra\u00eene une disparition automatique desdits cookies.<\/p>\n\n\n\n<p>Les cookies persistants aident le Site \u00e0 se souvenir de vos informations et de vos param\u00e8tres lorsque vous le consulterez dans le futur. Cela r\u00e9sulte en un acc\u00e8s plus rapide et plus pratique pour vous.<\/p>\n\n\n\n<p>Lors de votre premi\u00e8re visite, le Site est pr\u00e9sent\u00e9 en mode par d\u00e9faut. Au cours de votre visite, vous s\u00e9lectionnez vos pr\u00e9f\u00e9rences, lesquelles sont gard\u00e9es en m\u00e9moire pour votre prochaine consultation du Site gr\u00e2ce \u00e0 l'utilisation des Cookies persistants.<\/p>\n\n\n\n<p><strong>I. Les cookies \u00e9mis par notre Site :<\/strong><\/p>\n\n\n\n<p>Les cookies que nous \u00e9mettons sont utilis\u00e9s aux finalit\u00e9s d\u00e9crites ci-apr\u00e8s, sous r\u00e9serve de vos choix qui r\u00e9sultent des param\u00e8tres que vous aurez personnalis\u00e9s dans la CMP.<\/p>\n\n\n\n<p>1. Cookies Essentiels :<\/p>\n\n\n\n<p>Ces cookies sont indispensables au bon fonctionnement et \u00e0 votre navigation dans le Site. Sans eux, vous ne seriez pas en mesure de naviguer sur le Site ou ne pourriez pas utiliser certaines de ses fonctions. Ces cookies \u00e9tant indispensables, ils ne peuvent pas \u00eatre d\u00e9sactiv\u00e9s. Ces cookies ne gardent aucune donn\u00e9e \u00e0 caract\u00e8re personnel. C'est la raison pour laquelle leur \u00e9tat appara\u00eet comme \u00ab Toujours actif \u00bb.<\/p>\n\n\n\n<p>Ces cookies de fonctionnement contiennent par exemple des cookies d'authentification.<\/p>\n\n\n\n<p>2. Cookies de Fonctionnalit\u00e9 :<\/p>\n\n\n\n<p>Ces cookies vous permettent de param\u00e9trer vos pr\u00e9f\u00e9rences d'affichage du Site. Ils permettent au site de se rappeler de vos choix, notamment votre nom utilisateur et la langue ou r\u00e9gion de pr\u00e9f\u00e9rence. Ces cookies vous permettent aussi de ne pas devoir param\u00e9trer vos choix \u00e0 chacune de vos connexions et de voir des messages destin\u00e9s \u00e0 la premi\u00e8re connexion d'un utilisateur.<\/p>\n\n\n\n<p>Ces cookies peuvent aussi servir \u00e0 vous proposer des services et du contenu personnalis\u00e9s.<\/p>\n\n\n\n<p>3. Cookies de Mesures d'Audience :<\/p>\n\n\n\n<p>Ces cookies nous permettent d'analyser la navigation de notre Site, de r\u00e9aliser des statistiques et aussi d'am\u00e9liorer votre exp\u00e9rience utilisateur. Les analyses sont r\u00e9alis\u00e9es sur des donn\u00e9es agr\u00e9g\u00e9es anonymis\u00e9es.<\/p>\n\n\n\n<p>Par exemple, les cookies de performance nous montrent les pages les plus fr\u00e9quemment visit\u00e9es, nous permettent de mieux connaitre les habitudes globales d'utilisation du Site et d'anticiper les difficult\u00e9s que vous \u00eates susceptibles de rencontrer lors de votre navigation. Ces cookies nous permettent d'am\u00e9liorer le Site.<\/p>\n\n\n\n<p><strong>II. Param\u00e9trer votre navigateur internet<\/strong><\/p>\n\n\n\n<p>Vous pouvez \u00e0 tout moment choisir de d\u00e9sactiver ces cookies. Votre navigateur peut \u00e9galement \u00eatre param\u00e9tr\u00e9 pour vous signaler les cookies qui sont d\u00e9pos\u00e9s dans votre ordinateur et vous demander de les accepter ou pas. Vous pouvez accepter ou refuser les cookies au cas par cas ou bien les refuser syst\u00e9matiquement.<\/p>\n\n\n\n<p>Firefox<\/p>\n\n\n\n<p>Allez dans l'onglet Outils du navigateur puis s\u00e9lectionnez le menu Options Dans la fen\u00eatre qui s'affiche, choisissez Vie priv\u00e9e et cliquez sur Affichez les cookies.<\/p>\n\n\n\n<p>Google Chrome<\/p>\n\n\n\n<p>Cliquez sur l'ic\u00f4ne du menu Outils. S\u00e9lectionnez Options. Cliquez sur l'onglet Options avanc\u00e9es et acc\u00e9dez \u00e0 la section Confidentialit\u00e9. Cliquez sur le bouton Afficher les cookies.<\/p>\n\n\n\n<p>Internet Explorer<\/p>\n\n\n\n<p>Dans Internet Explorer, cliquez sur le bouton Outils, puis sur Options Internet. Sous l'onglet G\u00e9n\u00e9ral, sous Historique de navigation, cliquez sur Param\u00e8tres. Cliquez sur le bouton Afficher les fichiers.<\/p>\n\n\n\n<p>Safari<\/p>\n\n\n\n<p>Dans votre navigateur, choisissez le menu \u00c9dition &gt; Pr\u00e9f\u00e9rences. Cliquez sur S\u00e9curit\u00e9. Cliquez sur Afficher les cookies.<\/p>\n\n\n\n<p>Mise \u00e0 jour le : 17\/06\/2022<\/p>","protected":false},"excerpt":{"rendered":"<p>Cookies policy Cookie policy on kingpong-vr.com When you browse the www.kingpong-vr.com website, cookies are placed on your device. What is a cookie? Cookies are small text files or tracers that may be deposited, read and stored when you visit our site, on your fixed or mobile device (computer, tablet, smartphone). It has a unique identifier [&hellip;]<\/p>","protected":false},"author":1,"featured_media":0,"parent":0,"menu_order":0,"comment_status":"closed","ping_status":"closed","template":"","meta":{"footnotes":""},"class_list":["post-10","page","type-page","status-publish","hentry"],"yoast_head":"<!-- This site is optimized with the Yoast SEO plugin v26.6 - https:\/\/yoast.com\/wordpress\/plugins\/seo\/ -->\n<title>Cookies policy - KING PONG<\/title>\n<meta name=\"robots\" content=\"index, follow, max-snippet:-1, max-image-preview:large, max-video-preview:-1\" \/>\n<link rel=\"canonical\" href=\"https:\/\/kingpong-vr.com\/fr\/cookie-policy\/\" \/>\n<meta property=\"og:locale\" content=\"fr_FR\" \/>\n<meta property=\"og:type\" content=\"article\" \/>\n<meta property=\"og:title\" content=\"Cookies policy - KING PONG\" \/>\n<meta property=\"og:description\" content=\"Cookies policy Cookie policy on kingpong-vr.com When you browse the www.kingpong-vr.com website, cookies are placed on your device. What is a cookie? Cookies are small text files or tracers that may be deposited, read and stored when you visit our site, on your fixed or mobile device (computer, tablet, smartphone). It has a unique identifier [&hellip;]\" \/>\n<meta property=\"og:url\" content=\"https:\/\/kingpong-vr.com\/fr\/cookie-policy\/\" \/>\n<meta property=\"og:site_name\" content=\"KING PONG\" \/>\n<meta property=\"article:modified_time\" content=\"2022-07-21T15:06:00+00:00\" \/>\n<meta property=\"og:image\" content=\"https:\/\/kingpong-vr.com\/wp-content\/uploads\/2022\/07\/LANDSCAPE-2560X1440.png\" \/>\n\t<meta property=\"og:image:width\" content=\"1920\" \/>\n\t<meta property=\"og:image:height\" content=\"1080\" \/>\n\t<meta property=\"og:image:type\" content=\"image\/png\" \/>\n<meta name=\"twitter:card\" content=\"summary_large_image\" \/>\n<meta name=\"twitter:label1\" content=\"Dur\u00e9e de lecture estim\u00e9e\" \/>\n\t<meta name=\"twitter:data1\" content=\"4 minutes\" \/>\n<script type=\"application\/ld+json\" class=\"yoast-schema-graph\">{\"@context\":\"https:\/\/schema.org\",\"@graph\":[{\"@type\":\"WebPage\",\"@id\":\"https:\/\/kingpong-vr.com\/cookie-policy\/\",\"url\":\"https:\/\/kingpong-vr.com\/cookie-policy\/\",\"name\":\"Cookies policy - KING PONG\",\"isPartOf\":{\"@id\":\"https:\/\/kingpong-vr.com\/#website\"},\"datePublished\":\"2022-06-17T12:12:23+00:00\",\"dateModified\":\"2022-07-21T15:06:00+00:00\",\"breadcrumb\":{\"@id\":\"https:\/\/kingpong-vr.com\/cookie-policy\/#breadcrumb\"},\"inLanguage\":\"fr-FR\",\"potentialAction\":[{\"@type\":\"ReadAction\",\"target\":[\"https:\/\/kingpong-vr.com\/cookie-policy\/\"]}]},{\"@type\":\"BreadcrumbList\",\"@id\":\"https:\/\/kingpong-vr.com\/cookie-policy\/#breadcrumb\",\"itemListElement\":[{\"@type\":\"ListItem\",\"position\":1,\"name\":\"Accueil\",\"item\":\"https:\/\/kingpong-vr.com\/\"},{\"@type\":\"ListItem\",\"position\":2,\"name\":\"Cookies policy\"}]},{\"@type\":\"WebSite\",\"@id\":\"https:\/\/kingpong-vr.com\/#website\",\"url\":\"https:\/\/kingpong-vr.com\/\",\"name\":\"KING PONG\",\"description\":\"Become the KING\",\"publisher\":{\"@id\":\"https:\/\/kingpong-vr.com\/#organization\"},\"potentialAction\":[{\"@type\":\"SearchAction\",\"target\":{\"@type\":\"EntryPoint\",\"urlTemplate\":\"https:\/\/kingpong-vr.com\/?s={search_term_string}\"},\"query-input\":{\"@type\":\"PropertyValueSpecification\",\"valueRequired\":true,\"valueName\":\"search_term_string\"}}],\"inLanguage\":\"fr-FR\"},{\"@type\":\"Organization\",\"@id\":\"https:\/\/kingpong-vr.com\/#organization\",\"name\":\"KING PONG\",\"url\":\"https:\/\/kingpong-vr.com\/\",\"logo\":{\"@type\":\"ImageObject\",\"inLanguage\":\"fr-FR\",\"@id\":\"https:\/\/kingpong-vr.com\/#\/schema\/logo\/image\/\",\"url\":\"https:\/\/kingpong-vr.com\/wp-content\/uploads\/2022\/07\/LANDSCAPE-2560X1440.png\",\"contentUrl\":\"https:\/\/kingpong-vr.com\/wp-content\/uploads\/2022\/07\/LANDSCAPE-2560X1440.png\",\"width\":1920,\"height\":1080,\"caption\":\"KING PONG\"},\"image\":{\"@id\":\"https:\/\/kingpong-vr.com\/#\/schema\/logo\/image\/\"}}]}<\/script>\n<!-- \/ Yoast SEO plugin. -->","yoast_head_json":{"title":"Cookies policy - KING PONG","robots":{"index":"index","follow":"follow","max-snippet":"max-snippet:-1","max-image-preview":"max-image-preview:large","max-video-preview":"max-video-preview:-1"},"canonical":"https:\/\/kingpong-vr.com\/fr\/cookie-policy\/","og_locale":"fr_FR","og_type":"article","og_title":"Cookies policy - KING PONG","og_description":"Cookies policy Cookie policy on kingpong-vr.com When you browse the www.kingpong-vr.com website, cookies are placed on your device. What is a cookie? Cookies are small text files or tracers that may be deposited, read and stored when you visit our site, on your fixed or mobile device (computer, tablet, smartphone). It has a unique identifier [&hellip;]","og_url":"https:\/\/kingpong-vr.com\/fr\/cookie-policy\/","og_site_name":"KING PONG","article_modified_time":"2022-07-21T15:06:00+00:00","og_image":[{"width":1920,"height":1080,"url":"https:\/\/kingpong-vr.com\/wp-content\/uploads\/2022\/07\/LANDSCAPE-2560X1440.png","type":"image\/png"}],"twitter_card":"summary_large_image","twitter_misc":{"Dur\u00e9e de lecture estim\u00e9e":"4 minutes"},"schema":{"@context":"https:\/\/schema.org","@graph":[{"@type":"WebPage","@id":"https:\/\/kingpong-vr.com\/cookie-policy\/","url":"https:\/\/kingpong-vr.com\/cookie-policy\/","name":"Cookies policy - KING PONG","isPartOf":{"@id":"https:\/\/kingpong-vr.com\/#website"},"datePublished":"2022-06-17T12:12:23+00:00","dateModified":"2022-07-21T15:06:00+00:00","breadcrumb":{"@id":"https:\/\/kingpong-vr.com\/cookie-policy\/#breadcrumb"},"inLanguage":"fr-FR","potentialAction":[{"@type":"ReadAction","target":["https:\/\/kingpong-vr.com\/cookie-policy\/"]}]},{"@type":"BreadcrumbList","@id":"https:\/\/kingpong-vr.com\/cookie-policy\/#breadcrumb","itemListElement":[{"@type":"ListItem","position":1,"name":"Accueil","item":"https:\/\/kingpong-vr.com\/"},{"@type":"ListItem","position":2,"name":"Cookies policy"}]},{"@type":"WebSite","@id":"https:\/\/kingpong-vr.com\/#website","url":"https:\/\/kingpong-vr.com\/","name":"KING PONG","description":"Become the KING","publisher":{"@id":"https:\/\/kingpong-vr.com\/#organization"},"potentialAction":[{"@type":"SearchAction","target":{"@type":"EntryPoint","urlTemplate":"https:\/\/kingpong-vr.com\/?s={search_term_string}"},"query-input":{"@type":"PropertyValueSpecification","valueRequired":true,"valueName":"search_term_string"}}],"inLanguage":"fr-FR"},{"@type":"Organization","@id":"https:\/\/kingpong-vr.com\/#organization","name":"KING PONG","url":"https:\/\/kingpong-vr.com\/","logo":{"@type":"ImageObject","inLanguage":"fr-FR","@id":"https:\/\/kingpong-vr.com\/#\/schema\/logo\/image\/","url":"https:\/\/kingpong-vr.com\/wp-content\/uploads\/2022\/07\/LANDSCAPE-2560X1440.png","contentUrl":"https:\/\/kingpong-vr.com\/wp-content\/uploads\/2022\/07\/LANDSCAPE-2560X1440.png","width":1920,"height":1080,"caption":"KING PONG"},"image":{"@id":"https:\/\/kingpong-vr.com\/#\/schema\/logo\/image\/"}}]}},"_links":{"self":[{"href":"https:\/\/kingpong-vr.com\/fr\/wp-json\/wp\/v2\/pages\/10","targetHints":{"allow":["GET"]}}],"collection":[{"href":"https:\/\/kingpong-vr.com\/fr\/wp-json\/wp\/v2\/pages"}],"about":[{"href":"https:\/\/kingpong-vr.com\/fr\/wp-json\/wp\/v2\/types\/page"}],"author":[{"embeddable":true,"href":"https:\/\/kingpong-vr.com\/fr\/wp-json\/wp\/v2\/users\/1"}],"replies":[{"embeddable":true,"href":"https:\/\/kingpong-vr.com\/fr\/wp-json\/wp\/v2\/comments?post=10"}],"version-history":[{"count":8,"href":"https:\/\/kingpong-vr.com\/fr\/wp-json\/wp\/v2\/pages\/10\/revisions"}],"predecessor-version":[{"id":230,"href":"https:\/\/kingpong-vr.com\/fr\/wp-json\/wp\/v2\/pages\/10\/revisions\/230"}],"wp:attachment":[{"href":"https:\/\/kingpong-vr.com\/fr\/wp-json\/wp\/v2\/media?parent=10"}],"curies":[{"name":"wp","href":"https:\/\/api.w.org\/{rel}","templated":true}]}}